{"id":105,"date":"2023-04-06T17:53:43","date_gmt":"2023-04-06T17:53:43","guid":{"rendered":"https:\/\/manchinger-tafel.de\/?page_id=105"},"modified":"2024-02-15T10:21:58","modified_gmt":"2024-02-15T10:21:58","slug":"benoetigte-spenden","status":"publish","type":"page","link":"https:\/\/manchinger-tafel.de\/?page_id=105","title":{"rendered":"Ben\u00f6tigte Spenden"},"content":{"rendered":"<h1>Als Privatperson f\u00fcr die Tafel spenden<\/h1>\n<h2>Z. B. durch Abgabe von Waren, die besonders ben\u00f6tigt werden:<\/h2>\n<p><img decoding=\"async\" src=\"\/wp-content\/uploads\/2023\/04\/sharing-food-help-center-closeup.jpg\" alt=\"\"><\/p>\n<div>\n<ol><\/ol>\n<ul style=\"font-weight: 400;\">\n<li>Konserven aller Art<\/li>\n<li>Nudeln, Reis, Kartoffelp\u00fcree und Kl\u00f6\u00dfe<\/li>\n<li>H-Milch<\/li>\n<li>Zucker und Salz<\/li>\n<li>Essig &amp; \u00d6l<\/li>\n<li>Dauerwurst<\/li>\n<li>Kaffee, Kakao, Tee<\/li>\n<li>Marmelade, Honig und Nutella<\/li>\n<li>M\u00fcsli und Fr\u00fchst\u00fccksflocken<\/li>\n<li>Hygiene- und Drogerieprodukte (Shampoo, Duschgel, K\u00f6rperlotion, Zahncreme etc.)<\/li>\n<li>Waschpulver, Sp\u00fclmittel &#8230;<\/li>\n<\/ul>\n<p style=\"font-weight: 400;\">Bitte nur haltbare Lebensmittel spenden, die nicht gek\u00fchlt werden m\u00fcssen.<\/p>\n<p style=\"font-weight: 400;\"><strong>\u201eDurch viele kleine Dinge kann Gro\u00dfes entstehen\u201c<\/strong><\/p>\n<p style=\"font-weight: 400;\">Sprechen Sie uns an!<\/p>\n<\/div>\n<hr>\n<blockquote>\n<p><strong>Auf den Teller statt in die Tonne.<\/strong><\/p>\n<p>Lebensmittel retten und Menschen helfen \u2013 das ist die Aufgabe der Tafel. Wir arbeiten seit \u00fcber 20 Jahren mit Unternehmen zusammen, die ihre gesellschaftliche Verantwortung ernst nehmen und uns ihre Produkte spenden.<\/p>\n<\/blockquote>\n<p><!--more--><br \/>\n<!-- {\"type\":\"layout\",\"children\":[{\"type\":\"section\",\"props\":{\"image_position\":\"center-center\",\"style\":\"default\",\"title_breakpoint\":\"xl\",\"title_position\":\"top-left\",\"title_rotation\":\"left\",\"vertical_align\":\"middle\",\"width\":\"default\"},\"children\":[{\"type\":\"row\",\"children\":[{\"type\":\"column\",\"props\":{\"image_position\":\"center-center\",\"position_sticky_breakpoint\":\"m\"},\"children\":[{\"type\":\"breadcrumbs\",\"props\":{\"show_current\":true,\"show_home\":true}},{\"type\":\"headline\",\"props\":{\"content\":\"Als Privatperson f\\u00fcr die Tafel spenden\",\"text_align\":\"center\",\"title_element\":\"h1\"}},{\"type\":\"headline\",\"props\":{\"content\":\"Z. B. durch Abgabe von Waren, die besonders ben\\u00f6tigt werden:\",\"text_align\":\"center\",\"title_element\":\"h2\"}},{\"type\":\"image\",\"props\":{\"image\":\"wp-content\\\/uploads\\\/2023\\\/04\\\/sharing-food-help-center-closeup.jpg\",\"image_svg_color\":\"emphasis\",\"margin\":\"default\"}},{\"type\":\"text\",\"props\":{\"column_breakpoint\":\"m\",\"content\":\"\n\n<ol><\\\/ol>\\n\n\n<ul style=\\\"font-weight: 400;\\\">\\n\n\n<li>Konserven aller Art<\\\/li>\\n\n\n<li>Nudeln, Reis, Kartoffelp\\u00fcree und Kl\\u00f6\\u00dfe<\\\/li>\\n\n\n<li>H-Milch<\\\/li>\\n\n\n<li>Zucker und Salz<\\\/li>\\n\n\n<li>Essig &amp; \\u00d6l<\\\/li>\\n\n\n<li>Dauerwurst<\\\/li>\\n\n\n<li>Kaffee, Kakao, Tee<\\\/li>\\n\n\n<li>Marmelade, Honig und Nutella<\\\/li>\\n\n\n<li>M\\u00fcsli und Fr\\u00fchst\\u00fccksflocken<\\\/li>\\n\n\n<li>Hygiene- und Drogerieprodukte (Shampoo, Duschgel, K\\u00f6rperlotion, Zahncreme etc.)<\\\/li>\\n\n\n<li>Waschpulver, Sp\\u00fclmittel ...<\\\/li>\\n<\\\/ul>\\n\n\n<p style=\\\"font-weight: 400;\\\">Bitte nur haltbare Lebensmittel spenden, die nicht gek\\u00fchlt werden m\\u00fcssen.<\\\/p>\\n\n\n<p style=\\\"font-weight: 400;\\\"><strong>\\u201eDurch viele kleine Dinge kann Gro\\u00dfes entstehen\\u201c<\\\/strong><\\\/p>\\n\n\n<p style=\\\"font-weight: 400;\\\">Sprechen Sie uns an!<\\\/p>\",\"margin\":\"default\"}},{\"type\":\"divider\",\"props\":{\"divider_element\":\"hr\"}},{\"type\":\"quotation\",\"props\":{\"content\":\"\n\n<p><strong>Auf den Teller statt in die Tonne.<\\\/strong><\\\/p>\\n\n\n<p>Lebensmittel retten und Menschen helfen \\u2013 das ist die Aufgabe der Tafel. Wir arbeiten seit \\u00fcber 20 Jahren mit Unternehmen zusammen, die ihre gesellschaftliche Verantwortung ernst nehmen und uns ihre Produkte spenden.<\\\/p>\"}}]}]}]}],\"version\":\"4.3.4\"} --><\/p>\n","protected":false},"excerpt":{"rendered":"<p>Als Privatperson f\u00fcr die Tafel spenden Z. B. durch Abgabe von Waren, die besonders ben\u00f6tigt werden: Konserven aller Art Nudeln, Reis, Kartoffelp\u00fcree und Kl\u00f6\u00dfe H-Milch Zucker und Salz Essig &amp; \u00d6l Dauerwurst Kaffee, Kakao, Tee Marmelade, Honig und Nutella M\u00fcsli und Fr\u00fchst\u00fccksflocken Hygiene- und Drogerieprodukte (Shampoo, Duschgel, K\u00f6rperlotion, Zahncreme etc.) Waschpulver, Sp\u00fclmittel &#8230; Bitte nur [&hellip;]<\/p>\n","protected":false},"author":1,"featured_media":0,"parent":0,"menu_order":0,"comment_status":"closed","ping_status":"closed","template":"","meta":{"footnotes":""},"class_list":["post-105","page","type-page","status-publish","hentry"],"_links":{"self":[{"href":"https:\/\/manchinger-tafel.de\/index.php?rest_route=\/wp\/v2\/pages\/105","targetHints":{"allow":["GET"]}}],"collection":[{"href":"https:\/\/manchinger-tafel.de\/index.php?rest_route=\/wp\/v2\/pages"}],"about":[{"href":"https:\/\/manchinger-tafel.de\/index.php?rest_route=\/wp\/v2\/types\/page"}],"author":[{"embeddable":true,"href":"https:\/\/manchinger-tafel.de\/index.php?rest_route=\/wp\/v2\/users\/1"}],"replies":[{"embeddable":true,"href":"https:\/\/manchinger-tafel.de\/index.php?rest_route=%2Fwp%2Fv2%2Fcomments&post=105"}],"version-history":[{"count":0,"href":"https:\/\/manchinger-tafel.de\/index.php?rest_route=\/wp\/v2\/pages\/105\/revisions"}],"wp:attachment":[{"href":"https:\/\/manchinger-tafel.de\/index.php?rest_route=%2Fwp%2Fv2%2Fmedia&parent=105"}],"curies":[{"name":"wp","href":"https:\/\/api.w.org\/{rel}","templated":true}]}}