{"id":113,"date":"2023-04-08T16:41:49","date_gmt":"2023-04-08T16:41:49","guid":{"rendered":"https:\/\/manchinger-tafel.de\/?page_id=113"},"modified":"2025-05-14T12:36:10","modified_gmt":"2025-05-14T12:36:10","slug":"sponsoren","status":"publish","type":"page","link":"https:\/\/manchinger-tafel.de\/?page_id=113","title":{"rendered":"Sponsoren"},"content":{"rendered":"<h1>Herzlichen Dank!<\/h1>\n<div>\n<p><strong>Liebe Spenderinnen und Spender,<\/strong><\/p>\n<p>im Namen der Manchinger Tafel m\u00f6chte ich Ihnen herzlich f\u00fcr Ihre gro\u00dfz\u00fcgigen Spenden danken. Dank Ihrer Unterst\u00fctzung k\u00f6nnen wir bed\u00fcrftigen Menschen in unserem Umfeld weiterhin helfen und ihnen notwendige Lebensmittel zur Verf\u00fcgung stellen.<\/p>\n<p>Ihre Spenden sind f\u00fcr uns von unsch\u00e4tzbarem Wert und machen es uns m\u00f6glich, unsere Arbeit fortzusetzen. Wir sind sehr dankbar f\u00fcr Ihre Gro\u00dfz\u00fcgigkeit und Ihre Bereitschaft, anderen zu helfen.<\/p>\n<p>Wir m\u00f6chten Sie auch dar\u00fcber informieren, dass wir alle notwendigen Ma\u00dfnahmen ergreifen, um die Gesundheit und Sicherheit unserer Mitarbeiter und Kunden zu gew\u00e4hrleisten. Wir achten darauf, dass alle hygienischen Standards eingehalten werden und dass unsere Mitarbeiter geschult sind, um den bestm\u00f6glichen Service zu bieten.<\/p>\n<p>Nochmals vielen Dank f\u00fcr Ihre gro\u00dfartige Unterst\u00fctzung. Wir sind sehr dankbar f\u00fcr Ihre Spenden und f\u00fcr Ihre Unterst\u00fctzung unserer Arbeit. Gemeinsam k\u00f6nnen wir viel Gutes bewirken und dazu beitragen, dass Bed\u00fcrftige in und um Manching nicht vergessen werden.<\/p>\n<p>Mit freundlichen Gr\u00fc\u00dfen<br \/>Manchinger Tafel<\/p>\n<\/div>\n<hr>\n<ul>\n<li>\n<p>        <img decoding=\"async\" src=\"\/wp-content\/uploads\/2023\/04\/Aldi_Sued_2017_logo.svg\" alt=\"\"><\/p>\n<h3>Aldi_S\u00fcd_2017_logo<\/h3>\n<\/li>\n<li>\n<p>        <img decoding=\"async\" src=\"\/wp-content\/uploads\/2023\/04\/Logo_Edeka.svg\" alt=\"\"><\/p>\n<h3>Logo_Edeka<\/h3>\n<\/li>\n<li>\n<p>        <img decoding=\"async\" src=\"\/wp-content\/uploads\/2023\/04\/Hackner.jpeg\" alt=\"\"><\/p>\n<h3>Hackner<\/h3>\n<\/li>\n<li>\n<p>        <img decoding=\"async\" src=\"\/wp-content\/uploads\/2023\/04\/logo_lidl.svg\" alt=\"\"><\/p>\n<h3>logo_lidl<\/h3>\n<\/li>\n<li>\n<p>        <img decoding=\"async\" src=\"\/wp-content\/uploads\/2023\/04\/netto_logo-2019.svg\" alt=\"\"><\/p>\n<h3>netto_logo-2019<\/h3>\n<\/li>\n<li>\n<p>        <img decoding=\"async\" src=\"\/wp-content\/uploads\/2023\/04\/Rewe_Logo.svg\" alt=\"\"><\/p>\n<h3>Rewe_Logo<\/h3>\n<\/li>\n<li>\n<p>        <img decoding=\"async\" src=\"\/wp-content\/uploads\/2023\/04\/Woehrl_Logo.png\" alt=\"\"><\/p>\n<h3>Woehrl_Logo<\/h3>\n<\/li>\n<li>\n<p>        <img decoding=\"async\" src=\"\/wp-content\/uploads\/2023\/04\/logo_buergerring-gei.gif\" alt=\"\"><\/p>\n<\/li>\n<\/ul>\n<p><!--more--><br \/>\n<!-- {\"type\":\"layout\",\"children\":[{\"type\":\"section\",\"props\":{\"image_position\":\"center-center\",\"style\":\"default\",\"title_breakpoint\":\"xl\",\"title_position\":\"top-left\",\"title_rotation\":\"left\",\"vertical_align\":\"\",\"width\":\"default\"},\"children\":[{\"type\":\"row\",\"children\":[{\"type\":\"column\",\"props\":{\"image_position\":\"center-center\",\"position_sticky_breakpoint\":\"m\"},\"children\":[{\"type\":\"breadcrumbs\",\"props\":{\"show_current\":true,\"show_home\":true}},{\"type\":\"headline\",\"props\":{\"content\":\"Herzlichen Dank!\",\"text_align\":\"center\",\"title_element\":\"h1\"}},{\"type\":\"text\",\"props\":{\"column_breakpoint\":\"m\",\"content\":\"\n\n<p><strong>Liebe Spenderinnen und Spender,<\\\/strong><\\\/p>\\n\n\n<p>im Namen der Manchinger Tafel m\\u00f6chte ich Ihnen herzlich f\\u00fcr Ihre gro\\u00dfz\\u00fcgigen Spenden danken. Dank Ihrer Unterst\\u00fctzung k\\u00f6nnen wir bed\\u00fcrftigen Menschen in unserem Umfeld weiterhin helfen und ihnen notwendige Lebensmittel zur Verf\\u00fcgung stellen.<\\\/p>\\n\n\n<p>Ihre Spenden sind f\\u00fcr uns von unsch\\u00e4tzbarem Wert und machen es uns m\\u00f6glich, unsere Arbeit fortzusetzen. Wir sind sehr dankbar f\\u00fcr Ihre Gro\\u00dfz\\u00fcgigkeit und Ihre Bereitschaft, anderen zu helfen.<\\\/p>\\n\n\n<p>Wir m\\u00f6chten Sie auch dar\\u00fcber informieren, dass wir alle notwendigen Ma\\u00dfnahmen ergreifen, um die Gesundheit und Sicherheit unserer Mitarbeiter und Kunden zu gew\\u00e4hrleisten. Wir achten darauf, dass alle hygienischen Standards eingehalten werden und dass unsere Mitarbeiter geschult sind, um den bestm\\u00f6glichen Service zu bieten.<\\\/p>\\n\n\n<p>Nochmals vielen Dank f\\u00fcr Ihre gro\\u00dfartige Unterst\\u00fctzung. Wir sind sehr dankbar f\\u00fcr Ihre Spenden und f\\u00fcr Ihre Unterst\\u00fctzung unserer Arbeit. Gemeinsam k\\u00f6nnen wir viel Gutes bewirken und dazu beitragen, dass Bed\\u00fcrftige in und um Manching nicht vergessen werden.<\\\/p>\\n\n\n<p>Mit freundlichen Gr\\u00fc\\u00dfen<br \\\/>Manchinger Tafel<\\\/p>\",\"margin\":\"default\",\"text_align\":\"center\"}},{\"type\":\"divider\",\"props\":{\"divider_element\":\"hr\"}},{\"type\":\"gallery\",\"props\":{\"filter_align\":\"left\",\"filter_all\":true,\"filter_grid_breakpoint\":\"m\",\"filter_grid_width\":\"auto\",\"filter_position\":\"top\",\"filter_style\":\"tab\",\"grid_default\":\"1\",\"grid_medium\":\"3\",\"image_border\":\"rounded\",\"image_box_shadow\":\"medium\",\"image_height\":\"150\",\"item_animation\":true,\"lightbox_bg_close\":true,\"link_style\":\"default\",\"link_text\":\"Read more\",\"margin\":\"default\",\"meta_align\":\"below-title\",\"meta_element\":\"div\",\"meta_style\":\"text-meta\",\"overlay_hover\":true,\"overlay_mode\":\"cover\",\"overlay_position\":\"center\",\"overlay_style\":\"overlay-primary\",\"overlay_transition\":\"fade\",\"show_content\":false,\"show_hover_image\":false,\"show_hover_video\":true,\"show_link\":false,\"show_meta\":false,\"show_title\":false,\"text_align\":\"center\",\"text_color\":\"light\",\"title_element\":\"h3\",\"title_hover_style\":\"reset\"},\"children\":[{\"type\":\"gallery_item\",\"props\":{\"image\":\"wp-content\\\/uploads\\\/2023\\\/04\\\/Aldi_Sued_2017_logo.svg\",\"title\":\"Aldi_S\\u00fcd_2017_logo\"}},{\"type\":\"gallery_item\",\"props\":{\"image\":\"wp-content\\\/uploads\\\/2023\\\/04\\\/Logo_Edeka.svg\",\"title\":\"Logo_Edeka\"}},{\"type\":\"gallery_item\",\"props\":{\"image\":\"wp-content\\\/uploads\\\/2023\\\/04\\\/Hackner.jpeg\",\"title\":\"Hackner\"}},{\"type\":\"gallery_item\",\"props\":{\"image\":\"wp-content\\\/uploads\\\/2023\\\/04\\\/logo_lidl.svg\",\"title\":\"logo_lidl\"}},{\"type\":\"gallery_item\",\"props\":{\"image\":\"wp-content\\\/uploads\\\/2023\\\/04\\\/netto_logo-2019.svg\",\"title\":\"netto_logo-2019\"}},{\"type\":\"gallery_item\",\"props\":{\"image\":\"wp-content\\\/uploads\\\/2023\\\/04\\\/Rewe_Logo.svg\",\"title\":\"Rewe_Logo\"}},{\"type\":\"gallery_item\",\"props\":{\"image\":\"wp-content\\\/uploads\\\/2023\\\/04\\\/Woehrl_Logo.png\",\"title\":\"Woehrl_Logo\"}},{\"type\":\"gallery_item\",\"props\":{\"image\":\"wp-content\\\/uploads\\\/2023\\\/04\\\/logo_buergerring-gei.gif\"}}]}]}]}]}],\"version\":\"4.5.15\"} --><\/p>\n","protected":false},"excerpt":{"rendered":"<p>Herzlichen Dank! Liebe Spenderinnen und Spender, im Namen der Manchinger Tafel m\u00f6chte ich Ihnen herzlich f\u00fcr Ihre gro\u00dfz\u00fcgigen Spenden danken. Dank Ihrer Unterst\u00fctzung k\u00f6nnen wir bed\u00fcrftigen Menschen in unserem Umfeld weiterhin helfen und ihnen notwendige Lebensmittel zur Verf\u00fcgung stellen. Ihre Spenden sind f\u00fcr uns von unsch\u00e4tzbarem Wert und machen es uns m\u00f6glich, unsere Arbeit fortzusetzen. [&hellip;]<\/p>\n","protected":false},"author":1,"featured_media":0,"parent":0,"menu_order":0,"comment_status":"closed","ping_status":"closed","template":"","meta":{"footnotes":""},"class_list":["post-113","page","type-page","status-publish","hentry"],"_links":{"self":[{"href":"https:\/\/manchinger-tafel.de\/index.php?rest_route=\/wp\/v2\/pages\/113","targetHints":{"allow":["GET"]}}],"collection":[{"href":"https:\/\/manchinger-tafel.de\/index.php?rest_route=\/wp\/v2\/pages"}],"about":[{"href":"https:\/\/manchinger-tafel.de\/index.php?rest_route=\/wp\/v2\/types\/page"}],"author":[{"embeddable":true,"href":"https:\/\/manchinger-tafel.de\/index.php?rest_route=\/wp\/v2\/users\/1"}],"replies":[{"embeddable":true,"href":"https:\/\/manchinger-tafel.de\/index.php?rest_route=%2Fwp%2Fv2%2Fcomments&post=113"}],"version-history":[{"count":0,"href":"https:\/\/manchinger-tafel.de\/index.php?rest_route=\/wp\/v2\/pages\/113\/revisions"}],"wp:attachment":[{"href":"https:\/\/manchinger-tafel.de\/index.php?rest_route=%2Fwp%2Fv2%2Fmedia&parent=113"}],"curies":[{"name":"wp","href":"https:\/\/api.w.org\/{rel}","templated":true}]}}