{"id":2,"date":"2023-04-04T14:36:48","date_gmt":"2023-04-04T14:36:48","guid":{"rendered":"https:\/\/manchinger-tafel.de\/?page_id=2"},"modified":"2026-04-08T11:01:09","modified_gmt":"2026-04-08T11:01:09","slug":"startseite","status":"publish","type":"page","link":"https:\/\/manchinger-tafel.de\/","title":{"rendered":"Startseite"},"content":{"rendered":"<p><img decoding=\"async\" src=\"\/wp-content\/uploads\/2026\/01\/logo_manching.jpg\" alt=\"Manchinger-Tafel_Logo\"><\/p>\n<div>\n<div>Aktuelle Info<\/div>\n<div>\n<p><span style=\"color: red;\">Donnerstag, 14. Mai, bleibt die Tafel wegen des Feiertages geschlossen. Die Ausgabe findet stattdessen am Mittwoch 13. Mai statt.<\/span><\/p>\n<p><strong>Ausgabezeiten<\/strong><\/p>\n<p>Mittwoch\u00a0\u00a0\u00a0\u00a0\u00a0\u00a0\u00a0\u00a0\u00a0 14 bis 16 Uhr<br \/>Donnerstag\u00a0\u00a0\u00a0\u00a0\u00a0\u00a0 9 bis 12 Uhr<\/p>\n<\/p>\n<p><b>Aufnahmestopp<\/b><\/p>\n<p class=\"p1\">Die Nachfrage ist derzeit sehr hoch, und unsere Kapazit\u00e4ten sind ausgelastet. Daher ist es uns momentan leider nicht m\u00f6glich, neue Kunden aufzunehmen.<\/p>\n<\/div>\n<\/div>\n<h2>Herzlich willkommen <br class=\"uk-visible@s\" \/>bei der <strong class=\"uk-heading-divider\">Manchinger Tafel<\/strong><\/h2>\n<div>\n<p><span>\u00dcber 960 Tafeln, eine Mission: Lebensmittel retten und armutsbetroffenen Menschen helfen. Die Tafeln retten Lebensmittel, die nicht mehr verkauft werden k\u00f6nnen und geben sie an Menschen in Armut weiter, die sich eine ausgewogene Ern\u00e4hrung nicht leisten k\u00f6nnen.<\/span><\/p>\n<\/div>\n<h2>\u00dcber uns<\/h2>\n<div>\n<p>Die Manchinger Tafel unterst\u00fctzt bed\u00fcrftige Mitb\u00fcrger mit Lebensmittelspenden von Superm\u00e4rkten aus Manching und Umgebung, gegen den symbolischen Preis von 2,&#8211; Euro pro Haushalt. Ins Leben gerufen wurde diese Aktion bereits 2004, vom Verein zur F\u00f6rderung der Manchinger Tafel e. V. Die Leitung haben aktuell <span>Manfred Milleder und Xaver Huber<\/span><\/p>\n<\/div>\n<h2>Ihre Hilfe<\/h2>\n<div>\n<p>Sie k\u00f6nnen helfen durch<\/p>\n<ul>\n<li>ehrenamtliche Mitarbeit<\/li>\n<li>Sach- und Lebensmittelspenden<\/li>\n<li>Weitergabe von Informationen an Freunde und Bekannte<\/li>\n<li>Geldspenden f\u00fcr Lebensmittel und Hygieneartikel<\/li>\n<\/ul>\n<\/div>\n<h2>Spendenkonto<\/h2>\n<div>\n<p>Sparkasse Ingolstadt Eichst\u00e4tt (Gesch\u00e4ftsstelle Manching)<\/p>\n<p>IBAN: DE20 7215 0000 0050 4020 49 BIC: BYLADEM1ING<\/p>\n<\/div>\n<h2>B\u00fcrozeiten<\/h2>\n<div>\n<p style=\"text-align: left;\"><span><strong>Telefonisch erreichbar<\/strong>:<br \/>Montag und Mittwoch 10.00 &#8211; 12.00 Uhr<br \/>Donnerstag\u00a0\u00a0\u00a0\u00a0\u00a0\u00a0\u00a0\u00a0\u00a0\u00a0\u00a0\u00a0\u00a0\u00a0\u00a0\u00a0 10.00 &#8211; 13.00 Uhr<br \/><strong><br \/>Auch m\u00f6glich:\u00a0 <\/strong><\/span><span>Termin nach Vereinbarung telefonisch oder per eMail<br \/><\/span><\/p>\n<\/div>\n<h3>Telefon<\/h3>\n<div>08459 9945169<\/div>\n<h3>Email<\/h3>\n<div>manchinger.tafel@web.de<\/div>\n<div>Anschrift: Ursinusstr. 1 \u00b7 85077 Manching<\/div>\n<p><!--more--><br \/>\n<!-- {\"type\":\"layout\",\"children\":[{\"name\":\"Hero\",\"type\":\"section\",\"props\":{\"animation\":\"slide-bottom-small\",\"height\":\"viewport\",\"height_viewport\":true,\"height_viewport_offset\":true,\"image\":\"wp-content\/uploads\/2023\/04\/Manchinger-Tafel_BG.jpg\",\"image_loading\":true,\"image_position\":\"center-center\",\"image_size\":\"cover\",\"image_width\":\"1920\",\"media_background\":\"#fff\",\"media_overlay\":\"rgba(0, 0, 0, 0.14)\",\"style\":\"default\",\"text_color\":\"light\",\"title_breakpoint\":\"xl\",\"title_position\":\"top-left\",\"title_rotation\":\"left\",\"vertical_align\":\"middle\",\"width\":\"default\"},\"children\":[{\"type\":\"row\",\"props\":{\"margin_bottom\":\"default\",\"margin_top\":\"default\"},\"children\":[{\"type\":\"column\",\"props\":{\"image_position\":\"center-center\",\"position_sticky_breakpoint\":\"m\",\"width_medium\":\"1-1\"},\"children\":[{\"type\":\"image\",\"props\":{\"image\":\"wp-content\/uploads\/2026\/01\/logo_manching.jpg\",\"image_alt\":\"Manchinger-Tafel_Logo\",\"image_svg_color\":\"emphasis\",\"image_width\":\"55%\",\"margin_bottom\":\"default\",\"margin_top\":\"default\",\"text_align\":\"center\"}},{\"type\":\"alert\",\"props\":{\"alert_style\":\"success\",\"content\":\"\n\n<p><span style=\\\"color: red;\\\">Donnerstag, 14. Mai, bleibt die Tafel wegen des Feiertages geschlossen. Die Ausgabe findet stattdessen am Mittwoch 13. Mai statt.<\/span><\/p>\n\n\\n\n\n<p><strong>Ausgabezeiten<\/strong><\/p>\n\n\\n\n\n<p>Mittwoch\u00a0\u00a0\u00a0\u00a0\u00a0\u00a0\u00a0\u00a0\u00a0 14 bis 16 Uhr<br \/>Donnerstag\u00a0\u00a0\u00a0\u00a0\u00a0\u00a0 9 bis 12 Uhr<\/p>\n\n\\n\n\n\n\n\\n\n\n<p><b>Aufnahmestopp<\/b><\/p>\n\n\\n\n\n<p class=\\\"p1\\\">Die Nachfrage ist derzeit sehr hoch, und unsere Kapazit\u00e4ten sind ausgelastet. Daher ist es uns momentan leider nicht m\u00f6glich, neue Kunden aufzunehmen.<\/p>\n\n\",\"content_margin\":\"remove\",\"position_top\":\"20\",\"text_align\":\"center\",\"title\":\"Aktuelle Info\",\"title_element\":\"div\",\"title_inline\":true}},{\"type\":\"button\",\"props\":{\"fullwidth\":false,\"grid_column_gap\":\"collapse\",\"grid_row_gap\":\"collapse\",\"margin_bottom\":\"default\",\"margin_top\":\"default\",\"status\":\"disabled\",\"text_align\":\"left\"},\"children\":[{\"type\":\"button_item\",\"props\":{\"button_style\":\"default\",\"content\":\"Ein Dankesch\u00f6n f\u00fcr die Spenden!\",\"dialog_layout\":\"modal\",\"dialog_offcanvas_flip\":true,\"icon\":\"play\",\"icon_align\":\"left\",\"link\":\"index.php?page_id=306\",\"link_title\":\"Ein Dankesch\u00f6n f\u00fcr die Spenden!\"}},{\"type\":\"button_item\",\"props\":{\"button_style\":\"default\",\"content\":\"Dank an die MBB Volleyballer\",\"dialog_layout\":\"modal\",\"dialog_offcanvas_flip\":true,\"icon\":\"play\",\"icon_align\":\"left\",\"link\":\"?page_id=306\",\"link_title\":\"Spende Rotary Club Vohburg-Neustadt\"}}]}]}]}]},{\"type\":\"section\",\"props\":{\"djpopup\":{\"autoclose\":0,\"autoclose_time\":5,\"enabled\":true,\"close_icon\":\"close\",\"save_text\":\"\",\"save_link\":\"\",\"cancel_text\":\"\",\"heading_style\":\"h3\",\"repeat\":\"always\",\"direction\":\"center center\",\"overlay\":\"\",\"fullscreen\":0,\"width\":\"\",\"height\":\"\",\"padding\":\"\",\"position_left\":\"\",\"position_right\":\"\",\"position_top\":\"\",\"position_bottom\":\"\",\"save_style\":\"primary\",\"cancel_style\":\"danger\",\"triggers\":[{\"type\":\"on_page_load\",\"props\":{\"delay\":0,\"name\":\"On Page Load\"}}],\"heading\":\"Spendenaufruf\"},\"image_position\":\"center-center\",\"status\":\"disabled\",\"style\":\"default\",\"title_breakpoint\":\"xl\",\"title_position\":\"top-left\",\"title_rotation\":\"left\",\"vertical_align\":\"middle\",\"width\":\"default\"},\"children\":[{\"type\":\"row\",\"children\":[{\"type\":\"column\",\"props\":{\"image_position\":\"center-center\",\"position_sticky_breakpoint\":\"m\"},\"children\":[{\"type\":\"button\",\"props\":{\"css\":\"background-color: lightgoldenrodyellow; \/* Sets the background color of the body *\/\",\"grid_column_gap\":\"small\",\"grid_row_gap\":\"small\",\"margin_bottom\":\"default\",\"margin_top\":\"default\",\"visibility\":\"hidden-m\"},\"children\":[{\"type\":\"button_item\",\"props\":{\"button_style\":\"default\",\"content\":\"11 KM Podcast: Tafeln trotz Sozialstaat\",\"dialog_layout\":\"modal\",\"dialog_offcanvas_flip\":true,\"icon\":\"threads\",\"icon_align\":\"left\",\"link\":\"https:\/\/www.ardaudiothek.de\/episode\/urn:ard:episode:5e9a21a88b73d3a9\/\",\"link_title\":\"11 KM Podcast: Tafeln trotz Sozialstaat\"}},{\"type\":\"button_item\",\"props\":{\"button_style\":\"default\",\"content\":\"WDR-Film: Wenn das Geld nicht f\u00fcrs Essen reicht\",\"dialog_layout\":\"modal\",\"dialog_offcanvas_flip\":true,\"icon\":\"eye\",\"icon_align\":\"left\",\"link\":\"https:\/\/www.ardmediathek.de\/video\/Y3JpZDovL3dkci5kZS9CZWl0cmFnLXNvcGhvcmEtMmEwZjAwZjMtZjE5Ny00ZWI4LTlmYWEtNzM0MDgyNDI3MTNl\",\"link_title\":\"WDR-Film: Wenn das Geld nicht f\u00fcrs Essen reicht\"}}]}]}]}]},{\"name\":\"About\",\"type\":\"section\",\"props\":{\"animation\":\"fade\",\"animation_delay\":false,\"image\":\"wp-content\/uploads\/home-about-bg.svg\",\"image_position\":\"bottom-right\",\"padding_bottom\":\"xlarge\",\"padding_top\":\"xlarge\",\"style\":\"default\",\"title_breakpoint\":\"xl\",\"title_position\":\"top-left\",\"title_rotation\":\"left\",\"vertical_align\":\"\",\"width\":\"default\"},\"children\":[{\"type\":\"row\",\"props\":{\"column_gap\":\"large\",\"layout\":\"1-2,1-2\",\"row_gap\":\"large\"},\"children\":[{\"type\":\"column\",\"props\":{\"image_position\":\"center-center\",\"position_sticky_breakpoint\":\"m\",\"width_medium\":\"1-2\"},\"children\":[{\"type\":\"headline\",\"props\":{\"content\":\"Herzlich willkommen <br class=\\\"uk-visible@s\\\" \/>bei der <strong class=\\\"uk-heading-divider\\\">Manchinger Tafel<\/strong>\",\"image_align\":\"left\",\"image_margin\":\"xsmall\",\"maxwidth\":\"xlarge\",\"title_element\":\"h2\",\"title_style\":\"h1\"}}]},{\"type\":\"column\",\"props\":{\"image_position\":\"center-center\",\"position_sticky_breakpoint\":\"m\",\"width_medium\":\"1-2\"},\"children\":[{\"type\":\"text\",\"props\":{\"column_breakpoint\":\"m\",\"content\":\"\n\n<p><span>\u00dcber 960 Tafeln, eine Mission: Lebensmittel retten und armutsbetroffenen Menschen helfen. Die Tafeln retten Lebensmittel, die nicht mehr verkauft werden k\u00f6nnen und geben sie an Menschen in Armut weiter, die sich eine ausgewogene Ern\u00e4hrung nicht leisten k\u00f6nnen.<\/span><\/p>\n\n\",\"margin_bottom\":\"medium\",\"margin_top\":\"medium\",\"text_style\":\"lead\"}}]}]}]},{\"name\":\"Image\",\"type\":\"section\",\"props\":{\"css\":\".el-section > [class*='uk-background-'] { min-height: 50vh; }\",\"image\":\"wp-content\/uploads\/2023\/04\/sharing-food-help-center-closeup.jpg\",\"image_effect\":\"fixed\",\"image_position\":\"center-center\",\"image_size\":\"cover\",\"image_width\":\"1920\",\"style\":\"default\",\"title_breakpoint\":\"xl\",\"title_position\":\"top-left\",\"title_rotation\":\"left\",\"vertical_align\":\"\",\"width\":\"default\"},\"children\":[{\"type\":\"row\",\"children\":[{\"type\":\"column\",\"props\":{\"image_position\":\"center-center\",\"position_sticky_breakpoint\":\"m\",\"width_medium\":\"1-1\"}}]}]},{\"name\":\"Menu\",\"type\":\"section\",\"props\":{\"animation\":\"fade\",\"animation_delay\":false,\"image\":\"wp-content\/uploads\/home-menu-bg.svg\",\"image_position\":\"bottom-left\",\"media_visibility\":\"l\",\"padding_bottom\":\"large\",\"padding_top\":\"large\",\"style\":\"default\",\"title_breakpoint\":\"xl\",\"title_position\":\"top-left\",\"title_rotation\":\"left\",\"vertical_align\":\"\",\"width\":\"default\"},\"children\":[{\"type\":\"row\",\"props\":{\"column_gap\":\"large\",\"layout\":\"1-2,1-2\",\"row_gap\":\"large\"},\"children\":[{\"type\":\"column\",\"props\":{\"image_position\":\"center-center\",\"position_sticky_breakpoint\":\"m\",\"width_medium\":\"1-2\"},\"children\":[{\"type\":\"headline\",\"props\":{\"content\":\"\u00dcber uns\",\"image_align\":\"left\",\"image_margin\":\"xsmall\",\"text_align\":\"center\",\"title_element\":\"h2\"}},{\"type\":\"text\",\"props\":{\"column_breakpoint\":\"m\",\"content\":\"\n\n<p>Die Manchinger Tafel unterst\u00fctzt bed\u00fcrftige Mitb\u00fcrger mit Lebensmittelspenden von Superm\u00e4rkten aus Manching und Umgebung, gegen den symbolischen Preis von 2,-- Euro pro Haushalt. Ins Leben gerufen wurde diese Aktion bereits 2004, vom Verein zur F\u00f6rderung der Manchinger Tafel e. V. Die Leitung haben aktuell <span>Manfred Milleder und Xaver Huber<\/span><\/p>\n\n\",\"id\":\"uber\",\"margin_bottom\":\"default\",\"margin_top\":\"default\",\"text_align\":\"left\"}}]},{\"type\":\"column\",\"props\":{\"image_position\":\"center-center\",\"position_sticky_breakpoint\":\"m\",\"width_medium\":\"1-2\"},\"children\":[{\"type\":\"headline\",\"props\":{\"content\":\"Ihre Hilfe\",\"image_align\":\"left\",\"image_margin\":\"xsmall\",\"text_align\":\"center\",\"title_element\":\"h2\"}},{\"type\":\"text\",\"props\":{\"column_breakpoint\":\"m\",\"content\":\"\n\n<p>Sie k\u00f6nnen helfen durch<\/p>\n\n\\n\n\n<ul>\\n\n\n<li>ehrenamtliche Mitarbeit<\/li>\n\n\\n\n\n<li>Sach- und Lebensmittelspenden<\/li>\n\n\\n\n\n<li>Weitergabe von Informationen an Freunde und Bekannte<\/li>\n\n\\n\n\n<li>Geldspenden f\u00fcr Lebensmittel und Hygieneartikel<\/li>\n\n\\n<\/ul>\n\n\",\"margin_bottom\":\"default\",\"margin_top\":\"default\",\"text_align\":\"left\"}}]}]}]},{\"name\":\"Image\",\"type\":\"section\",\"props\":{\"css\":\".el-section > [class*='uk-background-'] { min-height: 50vh; }\",\"image\":\"wp-content\/uploads\/2023\/04\/volunteers-packing-food-donation.jpg\",\"image_effect\":\"fixed\",\"image_position\":\"center-center\",\"image_size\":\"cover\",\"image_width\":\"1920\",\"style\":\"default\",\"title_breakpoint\":\"xl\",\"title_position\":\"top-left\",\"title_rotation\":\"left\",\"vertical_align\":\"\",\"width\":\"default\"},\"children\":[{\"type\":\"row\",\"children\":[{\"type\":\"column\",\"props\":{\"image_position\":\"center-center\",\"position_sticky_breakpoint\":\"m\",\"width_medium\":\"1-1\"}}]}]},{\"name\":\"Restaurant gallery\",\"type\":\"section\",\"props\":{\"animation\":\"fade\",\"image\":\"wp-content\/uploads\/home-restaurant-bg.svg\",\"image_position\":\"top-center\",\"image_size\":\"contain\",\"padding_bottom\":\"large\",\"padding_top\":\"large\",\"style\":\"muted\",\"title_breakpoint\":\"xl\",\"title_position\":\"top-left\",\"title_rotation\":\"left\",\"vertical_align\":\"\",\"width\":\"small\"},\"children\":[{\"type\":\"row\",\"props\":{\"margin_bottom\":\"large\",\"margin_top\":\"large\"},\"children\":[{\"type\":\"column\",\"props\":{\"image_position\":\"center-center\",\"position_sticky_breakpoint\":\"m\",\"width_medium\":\"1-1\"},\"children\":[{\"type\":\"headline\",\"props\":{\"content\":\"Spendenkonto\",\"image_align\":\"left\",\"image_margin\":\"xsmall\",\"text_align\":\"center\",\"title_element\":\"h2\"}}]}]},{\"type\":\"row\",\"props\":{\"margin_bottom\":\"large\",\"margin_top\":\"large\"},\"children\":[{\"type\":\"column\",\"props\":{\"image_position\":\"center-center\",\"position_sticky_breakpoint\":\"m\",\"width_medium\":\"1-1\"},\"children\":[{\"type\":\"text\",\"props\":{\"block_align\":\"center\",\"column_breakpoint\":\"m\",\"content\":\"\n\n<p>Sparkasse Ingolstadt Eichst\u00e4tt (Gesch\u00e4ftsstelle Manching)<\/p>\n\n\\n\n\n<p>IBAN: DE20 7215 0000 0050 4020 49 BIC: BYLADEM1ING<\/p>\n\n\",\"margin_bottom\":\"\",\"margin_top\":\"\",\"maxwidth\":\"2xlarge\",\"text_align\":\"center\",\"text_style\":\"lead\"}}]}]}]},{\"name\":\"Contact\",\"type\":\"section\",\"props\":{\"animation\":\"fade\",\"image_loading\":true,\"image_position\":\"center-center\",\"padding_bottom\":\"large\",\"padding_top\":\"large\",\"style\":\"default\",\"title_breakpoint\":\"xl\",\"title_position\":\"top-left\",\"title_rotation\":\"left\",\"vertical_align\":\"\",\"width\":\"default\"},\"children\":[{\"type\":\"row\",\"children\":[{\"type\":\"column\",\"props\":{\"image_position\":\"center-center\",\"position_sticky_breakpoint\":\"m\",\"width_medium\":\"1-1\"},\"children\":[{\"type\":\"headline\",\"props\":{\"content\":\"B\u00fcrozeiten\",\"image_align\":\"left\",\"image_margin\":\"xsmall\",\"text_align\":\"center\",\"title_element\":\"h2\"}}]}]},{\"type\":\"row\",\"props\":{\"width\":\"small\"},\"children\":[{\"type\":\"column\",\"props\":{\"image_position\":\"center-center\",\"position_sticky_breakpoint\":\"m\",\"width_medium\":\"1-1\"},\"children\":[{\"type\":\"text\",\"props\":{\"block_align\":\"center\",\"column_breakpoint\":\"m\",\"content\":\"\n\n<p style=\\\"text-align: left;\\\"><span><strong>Telefonisch erreichbar<\/strong>:<br \/>Montag und Mittwoch 10.00 - 12.00 Uhr<br \/>Donnerstag\u00a0\u00a0\u00a0\u00a0\u00a0\u00a0\u00a0\u00a0\u00a0\u00a0\u00a0\u00a0\u00a0\u00a0\u00a0\u00a0 10.00 - 13.00 Uhr<br \/><strong><br \/>Auch m\u00f6glich:\u00a0 <\/strong><\/span><span>Termin nach Vereinbarung telefonisch oder per eMail<br \/><\/span><\/p>\n\n\",\"margin_bottom\":\"default\",\"margin_top\":\"default\",\"maxwidth\":\"xlarge\",\"text_align\":\"center\"}}]}]},{\"type\":\"row\",\"props\":{\"divider\":true,\"layout\":\"1-2,1-2\",\"margin_bottom\":\"large\",\"margin_top\":\"large\",\"width\":\"small\"},\"children\":[{\"type\":\"column\",\"props\":{\"image_position\":\"center-center\",\"position_sticky_breakpoint\":\"m\",\"width_small\":\"1-2\"},\"children\":[{\"type\":\"headline\",\"props\":{\"content\":\"Telefon\",\"image_align\":\"left\",\"image_margin\":\"xsmall\",\"text_align\":\"center\",\"title_color\":\"primary\",\"title_element\":\"h3\",\"title_style\":\"h6\"}},{\"type\":\"text\",\"props\":{\"column_breakpoint\":\"m\",\"content\":\"08459 9945169\",\"margin_bottom\":\"default\",\"margin_top\":\"default\",\"text_align\":\"center\",\"text_style\":\"large\"}}]},{\"type\":\"column\",\"props\":{\"image_position\":\"center-center\",\"position_sticky_breakpoint\":\"m\",\"width_small\":\"1-2\"},\"children\":[{\"type\":\"headline\",\"props\":{\"content\":\"Email\",\"image_align\":\"left\",\"image_margin\":\"xsmall\",\"text_align\":\"center\",\"title_color\":\"primary\",\"title_element\":\"h3\",\"title_style\":\"h6\"}},{\"type\":\"text\",\"props\":{\"column_breakpoint\":\"m\",\"content\":\"manchinger.tafel@web.de\",\"margin_bottom\":\"default\",\"margin_top\":\"default\",\"text_align\":\"center\",\"text_style\":\"large\"}}]}]},{\"type\":\"row\",\"props\":{\"margin_bottom\":\"large\",\"margin_top\":\"large\"},\"children\":[{\"type\":\"column\",\"props\":{\"image_position\":\"center-center\",\"position_sticky_breakpoint\":\"m\",\"width_medium\":\"1-1\"},\"children\":[{\"type\":\"text\",\"props\":{\"block_align\":\"center\",\"column_breakpoint\":\"m\",\"content\":\"Anschrift: Ursinusstr. 1 \u00b7 85077 Manching\",\"margin_bottom\":\"default\",\"margin_top\":\"default\",\"maxwidth\":\"large\",\"text_align\":\"center\",\"text_style\":\"lead\"}}]}]}]}],\"version\":\"5.0.28\"} --><\/p>\n","protected":false},"excerpt":{"rendered":"<p>Aktuelle Info Donnerstag, 14. Mai, bleibt die Tafel wegen des Feiertages geschlossen. Die Ausgabe findet stattdessen am Mittwoch 13. Mai statt. Ausgabezeiten Mittwoch\u00a0\u00a0\u00a0\u00a0\u00a0\u00a0\u00a0\u00a0\u00a0 14 bis 16 UhrDonnerstag\u00a0\u00a0\u00a0\u00a0\u00a0\u00a0 9 bis 12 Uhr Aufnahmestopp Die Nachfrage ist derzeit sehr hoch, und unsere Kapazit\u00e4ten sind ausgelastet. Daher ist es uns momentan leider nicht m\u00f6glich, neue Kunden aufzunehmen. Herzlich [&hellip;]<\/p>\n","protected":false},"author":1,"featured_media":0,"parent":0,"menu_order":0,"comment_status":"closed","ping_status":"closed","template":"","meta":{"footnotes":""},"class_list":["post-2","page","type-page","status-publish","hentry"],"_links":{"self":[{"href":"https:\/\/manchinger-tafel.de\/index.php?rest_route=\/wp\/v2\/pages\/2","targetHints":{"allow":["GET"]}}],"collection":[{"href":"https:\/\/manchinger-tafel.de\/index.php?rest_route=\/wp\/v2\/pages"}],"about":[{"href":"https:\/\/manchinger-tafel.de\/index.php?rest_route=\/wp\/v2\/types\/page"}],"author":[{"embeddable":true,"href":"https:\/\/manchinger-tafel.de\/index.php?rest_route=\/wp\/v2\/users\/1"}],"replies":[{"embeddable":true,"href":"https:\/\/manchinger-tafel.de\/index.php?rest_route=%2Fwp%2Fv2%2Fcomments&post=2"}],"version-history":[{"count":17,"href":"https:\/\/manchinger-tafel.de\/index.php?rest_route=\/wp\/v2\/pages\/2\/revisions"}],"predecessor-version":[{"id":659,"href":"https:\/\/manchinger-tafel.de\/index.php?rest_route=\/wp\/v2\/pages\/2\/revisions\/659"}],"wp:attachment":[{"href":"https:\/\/manchinger-tafel.de\/index.php?rest_route=%2Fwp%2Fv2%2Fmedia&parent=2"}],"curies":[{"name":"wp","href":"https:\/\/api.w.org\/{rel}","templated":true}]}}