{"id":64,"date":"2023-04-06T09:16:06","date_gmt":"2023-04-06T09:16:06","guid":{"rendered":"https:\/\/manchinger-tafel.de\/?page_id=64"},"modified":"2025-05-14T12:35:00","modified_gmt":"2025-05-14T12:35:00","slug":"impressionen","status":"publish","type":"page","link":"https:\/\/manchinger-tafel.de\/?page_id=64","title":{"rendered":"Impressionen"},"content":{"rendered":"<h1>Impressionen<\/h1>\n<div>\n<p><span>Viele Menschen unterschiedlichen Alters sind ehrenamtlich und hauptamtlich bei der Manchinger Tafel aktiv. Die Gr\u00fcnde, sich zu engagieren, sind dabei genau so vielf\u00e4ltig wie die Tafel-Aktiven selbst. <\/span><\/p>\n<\/div>\n<div>\n<p style=\"text-align: center;\"><span>Am 15. 12.2023 durften wir das neue K\u00fchlfahrzeug offiziell in Empfang nehmen. Ohne die gro\u00dfz\u00fcgige Unterst\u00fctzung der Sponsoren w\u00e4re dies nicht m\u00f6glich gewesen.<br \/><\/span><br \/><span>Daf\u00fcr ein ein Herzliches Dankesch\u00f6n!<\/span><\/p>\n<\/div>\n<ul>\n<li>\n<p>        <img decoding=\"async\" src=\"\/wp-content\/uploads\/2023\/12\/IMG_6625-scaled.jpg\" alt=\"\"><\/p>\n<h3>IMG_6625<\/h3>\n<\/li>\n<li>\n<p>        <img decoding=\"async\" src=\"\/wp-content\/uploads\/2023\/12\/IMG_6629-scaled.jpg\" alt=\"\"><\/p>\n<h3>IMG_6629<\/h3>\n<\/li>\n<li>\n<p>        <img decoding=\"async\" src=\"\/wp-content\/uploads\/2024\/01\/IMG_6637.jpg\" alt=\"\"><\/p>\n<h3>IMG_6637<\/h3>\n<\/li>\n<li>\n<p>        <img decoding=\"async\" src=\"\/wp-content\/uploads\/2023\/12\/IMG_6642-scaled.jpg\" alt=\"\"><\/p>\n<h3>IMG_6642<\/h3>\n<\/li>\n<\/ul>\n<hr>\n<div>\n<p>Ein Herzliches Dankesch\u00f6n allen teilnehmenden Schulen, die an unser<strong> j\u00e4hrlichen Weihnachtsaktion<\/strong> wieder sehr zahlreich mitgemacht \u00a0haben. <span>S\u00fc\u00dfe \u00dcberraschungen, nicht nur f\u00fcr die Kleinen, konnten damit vor den Feiertagen an die Kunden der Tafel ausgegeben werden.<\/span><\/p>\n<\/p>\n<\/div>\n<ul>\n<li>\n<p>        <img decoding=\"async\" src=\"\/wp-content\/uploads\/2023\/12\/1.jpg\" alt=\"\"><\/p>\n<h3>1<\/h3>\n<\/li>\n<li>\n<p>        <img decoding=\"async\" src=\"\/wp-content\/uploads\/2023\/12\/2.jpg\" alt=\"\"><\/p>\n<h3>2<\/h3>\n<\/li>\n<li>\n<p>        <img decoding=\"async\" src=\"\/wp-content\/uploads\/2023\/12\/3.jpg\" alt=\"\"><\/p>\n<h3>3<\/h3>\n<\/li>\n<li>\n<p>        <img decoding=\"async\" src=\"\/wp-content\/uploads\/2023\/12\/4.jpg\" alt=\"\"><\/p>\n<h3>4<\/h3>\n<\/li>\n<li>\n<p>        <img decoding=\"async\" src=\"\/wp-content\/uploads\/2023\/12\/5.jpg\" alt=\"\"><\/p>\n<h3>5<\/h3>\n<\/li>\n<li>\n<p>        <img decoding=\"async\" src=\"\/wp-content\/uploads\/2023\/12\/6.jpg\" alt=\"\"><\/p>\n<h3>6<\/h3>\n<\/li>\n<li>\n<p>        <img decoding=\"async\" src=\"\/wp-content\/uploads\/2023\/12\/7.jpg\" alt=\"\"><\/p>\n<h3>7<\/h3>\n<\/li>\n<li>\n<p>        <img decoding=\"async\" src=\"\/wp-content\/uploads\/2023\/12\/14.jpg\" alt=\"\"><\/p>\n<h3>14<\/h3>\n<\/li>\n<\/ul>\n<hr>\n<div>\n<p><span><strong>Schauen Sie uns bei dem \u00fcber die Schulter, was uns tagt\u00e4glich bewegt.\u00a0<\/strong><\/p>\n<p>Transportieren .. Sortieren .. Einr\u00e4umen<\/span><\/p>\n<\/div>\n<ul>\n<li>\n<p>        <img decoding=\"async\" src=\"\/wp-content\/uploads\/2023\/04\/Manchinger-Tafel-36-von-36.jpeg\" alt=\"\"><\/p>\n<h3>Manchinger Tafel &#8211; 36 von 36<\/h3>\n<\/li>\n<li>\n<p>        <img decoding=\"async\" src=\"\/wp-content\/uploads\/2023\/04\/Manchinger-Tafel-34-von-36.jpeg\" alt=\"\"><\/p>\n<h3>Manchinger Tafel &#8211; 34 von 36<\/h3>\n<\/li>\n<li>\n<p>        <img decoding=\"async\" src=\"\/wp-content\/uploads\/2023\/04\/Manchinger-Tafel-33-von-36.jpeg\" alt=\"\"><\/p>\n<h3>Manchinger Tafel &#8211; 33 von 36<\/h3>\n<\/li>\n<li>\n<p>        <img decoding=\"async\" src=\"\/wp-content\/uploads\/2023\/04\/Manchinger-Tafel-31-von-36.jpeg\" alt=\"\"><\/p>\n<h3>Manchinger Tafel &#8211; 31 von 36<\/h3>\n<\/li>\n<li>\n<p>        <img decoding=\"async\" src=\"\/wp-content\/uploads\/2023\/04\/Manchinger-Tafel-28-von-36.jpeg\" alt=\"\"><\/p>\n<h3>Manchinger Tafel &#8211; 28 von 36<\/h3>\n<\/li>\n<li>\n<p>        <img decoding=\"async\" src=\"\/wp-content\/uploads\/2023\/04\/Manchinger-Tafel-18-von-36.jpeg\" alt=\"\"><\/p>\n<h3>Manchinger Tafel &#8211; 18 von 36<\/h3>\n<\/li>\n<li>\n<p>        <img decoding=\"async\" src=\"\/wp-content\/uploads\/2023\/04\/Manchinger-Tafel-17-von-36.jpeg\" alt=\"\"><\/p>\n<h3>Manchinger Tafel &#8211; 17 von 36<\/h3>\n<\/li>\n<li>\n<p>        <img decoding=\"async\" src=\"\/wp-content\/uploads\/2023\/04\/Manchinger-Tafel-23-von-36.jpeg\" alt=\"\"><\/p>\n<h3>Manchinger Tafel &#8211; 23 von 36<\/h3>\n<\/li>\n<li>\n<p>        <img decoding=\"async\" src=\"\/wp-content\/uploads\/2023\/04\/Manchinger-Tafel-16-von-36.jpeg\" alt=\"\"><\/p>\n<h3>Manchinger Tafel &#8211; 16 von 36<\/h3>\n<\/li>\n<li>\n<p>        <img decoding=\"async\" src=\"\/wp-content\/uploads\/2023\/04\/Manchinger-Tafel-19-von-36.jpeg\" alt=\"\"><\/p>\n<h3>Manchinger Tafel &#8211; 19 von 36<\/h3>\n<\/li>\n<li>\n<p>        <img decoding=\"async\" src=\"\/wp-content\/uploads\/2023\/04\/Manchinger-Tafel-9-von-36.jpeg\" alt=\"\"><\/p>\n<h3>Manchinger Tafel &#8211; 9 von 36<\/h3>\n<\/li>\n<li>\n<p>        <img decoding=\"async\" src=\"\/wp-content\/uploads\/2023\/04\/Manchinger-Tafel-8-von-36.jpeg\" alt=\"\"><\/p>\n<h3>Manchinger Tafel &#8211; 8 von 36<\/h3>\n<\/li>\n<\/ul>\n<div>\n<p>Besuchen Sie auch unsere &#8212;&gt; <strong><a href=\"https:\/\/manchinger-tafel.de\/?page_id=306\">NEWS<\/a><\/strong><\/p>\n<\/div>\n<p><!--more--><br \/>\n<!-- {\"type\":\"layout\",\"children\":[{\"type\":\"section\",\"props\":{\"image_position\":\"center-center\",\"style\":\"default\",\"title_breakpoint\":\"xl\",\"title_position\":\"top-left\",\"title_rotation\":\"left\",\"vertical_align\":\"\",\"width\":\"default\"},\"children\":[{\"type\":\"row\",\"children\":[{\"type\":\"column\",\"props\":{\"image_position\":\"center-center\",\"position_sticky_breakpoint\":\"m\"},\"children\":[{\"type\":\"breadcrumbs\",\"props\":{\"show_current\":true,\"show_home\":true}},{\"type\":\"headline\",\"props\":{\"content\":\"Impressionen\",\"title_element\":\"h1\"}},{\"type\":\"text\",\"props\":{\"column_breakpoint\":\"m\",\"content\":\"\n\n<p><span>Viele Menschen unterschiedlichen Alters sind ehrenamtlich und hauptamtlich bei der Manchinger Tafel aktiv. Die Gr\\u00fcnde, sich zu engagieren, sind dabei genau so vielf\\u00e4ltig wie die Tafel-Aktiven selbst. <\\\/span><\\\/p>\",\"margin\":\"default\"}},{\"type\":\"text\",\"props\":{\"column_breakpoint\":\"m\",\"content\":\"\n\n<p style=\\\"text-align: center;\\\"><span>Am 15. 12.2023 durften wir das neue K\\u00fchlfahrzeug offiziell in Empfang nehmen. Ohne die gro\\u00dfz\\u00fcgige Unterst\\u00fctzung der Sponsoren w\\u00e4re dies nicht m\\u00f6glich gewesen.<br \\\/><\\\/span><br \\\/><span>Daf\\u00fcr ein ein Herzliches Dankesch\\u00f6n!<\\\/span><\\\/p>\",\"margin\":\"default\"}},{\"type\":\"gallery\",\"props\":{\"filter\":true,\"filter_align\":\"left\",\"filter_all\":false,\"filter_grid_breakpoint\":\"m\",\"filter_grid_width\":\"auto\",\"filter_position\":\"top\",\"filter_reverse\":true,\"filter_style\":\"tab\",\"grid_default\":\"1\",\"grid_divider\":true,\"grid_masonry\":\"next\",\"grid_medium\":\"3\",\"grid_parallax\":\"370\",\"item_animation\":true,\"lightbox_bg_close\":true,\"link_style\":\"default\",\"link_text\":\"Read more\",\"margin\":\"default\",\"meta_align\":\"below-title\",\"meta_element\":\"div\",\"meta_style\":\"text-meta\",\"overlay_hover\":true,\"overlay_mode\":\"cover\",\"overlay_position\":\"center\",\"overlay_style\":\"overlay-primary\",\"overlay_transition\":\"fade\",\"show_content\":false,\"show_hover_image\":false,\"show_hover_video\":true,\"show_link\":false,\"show_meta\":false,\"show_title\":false,\"text_align\":\"center\",\"text_color\":\"light\",\"title_element\":\"h3\",\"title_hover_style\":\"reset\"},\"children\":[{\"type\":\"gallery_item\",\"props\":{\"image\":\"wp-content\\\/uploads\\\/2023\\\/12\\\/IMG_6625-scaled.jpg\",\"title\":\"IMG_6625\"}},{\"type\":\"gallery_item\",\"props\":{\"image\":\"wp-content\\\/uploads\\\/2023\\\/12\\\/IMG_6629-scaled.jpg\",\"title\":\"IMG_6629\"}},{\"type\":\"gallery_item\",\"props\":{\"image\":\"wp-content\\\/uploads\\\/2024\\\/01\\\/IMG_6637.jpg\",\"title\":\"IMG_6637\"}},{\"type\":\"gallery_item\",\"props\":{\"image\":\"wp-content\\\/uploads\\\/2023\\\/12\\\/IMG_6642-scaled.jpg\",\"title\":\"IMG_6642\"}}]},{\"type\":\"divider\",\"props\":{\"divider_element\":\"hr\"}},{\"type\":\"text\",\"props\":{\"column_breakpoint\":\"m\",\"content\":\"\n\n<p>Ein Herzliches Dankesch\\u00f6n allen teilnehmenden Schulen, die an unser<strong> j\\u00e4hrlichen Weihnachtsaktion<\\\/strong> wieder sehr zahlreich mitgemacht \\u00a0haben. <span>S\\u00fc\\u00dfe \\u00dcberraschungen, nicht nur f\\u00fcr die Kleinen, konnten damit vor den Feiertagen an die Kunden der Tafel ausgegeben werden.<\\\/span><\\\/p>\\n\n\n<p><\\\/p>\",\"margin\":\"default\"}},{\"type\":\"gallery\",\"props\":{\"filter\":true,\"filter_align\":\"left\",\"filter_all\":true,\"filter_grid_breakpoint\":\"m\",\"filter_grid_width\":\"auto\",\"filter_position\":\"top\",\"filter_style\":\"tab\",\"grid_default\":\"1\",\"grid_divider\":true,\"grid_masonry\":\"pack\",\"grid_medium\":\"3\",\"grid_parallax_justify\":true,\"item_animation\":true,\"lightbox_bg_close\":true,\"link_style\":\"default\",\"link_text\":\"Read more\",\"margin\":\"default\",\"meta_align\":\"below-title\",\"meta_element\":\"div\",\"meta_style\":\"text-meta\",\"overlay_hover\":true,\"overlay_mode\":\"cover\",\"overlay_position\":\"center\",\"overlay_style\":\"overlay-primary\",\"overlay_transition\":\"fade\",\"position\":\"relative\",\"show_content\":false,\"show_hover_image\":false,\"show_hover_video\":true,\"show_link\":false,\"show_meta\":false,\"show_title\":false,\"text_align\":\"center\",\"text_color\":\"light\",\"title_element\":\"h3\",\"title_hover_style\":\"reset\"},\"children\":[{\"type\":\"gallery_item\",\"props\":{\"image\":\"wp-content\\\/uploads\\\/2023\\\/12\\\/1.jpg\",\"title\":\"1\"}},{\"type\":\"gallery_item\",\"props\":{\"image\":\"wp-content\\\/uploads\\\/2023\\\/12\\\/2.jpg\",\"title\":\"2\"}},{\"type\":\"gallery_item\",\"props\":{\"image\":\"wp-content\\\/uploads\\\/2023\\\/12\\\/3.jpg\",\"title\":\"3\"}},{\"type\":\"gallery_item\",\"props\":{\"image\":\"wp-content\\\/uploads\\\/2023\\\/12\\\/4.jpg\",\"title\":\"4\"}},{\"type\":\"gallery_item\",\"props\":{\"image\":\"wp-content\\\/uploads\\\/2023\\\/12\\\/5.jpg\",\"title\":\"5\"}},{\"type\":\"gallery_item\",\"props\":{\"image\":\"wp-content\\\/uploads\\\/2023\\\/12\\\/6.jpg\",\"title\":\"6\"}},{\"type\":\"gallery_item\",\"props\":{\"image\":\"wp-content\\\/uploads\\\/2023\\\/12\\\/7.jpg\",\"title\":\"7\"}},{\"type\":\"gallery_item\",\"props\":{\"image\":\"wp-content\\\/uploads\\\/2023\\\/12\\\/14.jpg\",\"title\":\"14\"}}]},{\"type\":\"divider\",\"props\":{\"divider_element\":\"hr\"}},{\"type\":\"text\",\"props\":{\"column_breakpoint\":\"m\",\"content\":\"\n\n<p><span><strong>Schauen Sie uns bei dem \\u00fcber die Schulter, was uns tagt\\u00e4glich bewegt.\\u00a0<\\\/strong><br \\\/><br \\\/>Transportieren .. Sortieren .. Einr\\u00e4umen<\\\/span><\\\/p>\",\"margin\":\"default\"}},{\"type\":\"gallery\",\"props\":{\"filter_align\":\"left\",\"filter_all\":true,\"filter_grid_breakpoint\":\"m\",\"filter_grid_width\":\"auto\",\"filter_position\":\"top\",\"filter_style\":\"tab\",\"grid_default\":\"1\",\"grid_medium\":\"3\",\"item_animation\":true,\"lightbox_bg_close\":true,\"link_style\":\"default\",\"link_text\":\"Read more\",\"margin\":\"default\",\"meta_align\":\"below-title\",\"meta_element\":\"div\",\"meta_style\":\"text-meta\",\"overlay_hover\":true,\"overlay_mode\":\"cover\",\"overlay_position\":\"center\",\"overlay_style\":\"overlay-primary\",\"overlay_transition\":\"fade\",\"show_content\":false,\"show_hover_image\":false,\"show_hover_video\":true,\"show_link\":false,\"show_meta\":false,\"show_title\":false,\"text_align\":\"center\",\"text_color\":\"light\",\"title_element\":\"h3\",\"title_hover_style\":\"reset\"},\"children\":[{\"type\":\"gallery_item\",\"props\":{\"image\":\"wp-content\\\/uploads\\\/2023\\\/04\\\/Manchinger-Tafel-36-von-36.jpeg\",\"title\":\"Manchinger Tafel - 36 von 36\"}},{\"type\":\"gallery_item\",\"props\":{\"image\":\"wp-content\\\/uploads\\\/2023\\\/04\\\/Manchinger-Tafel-34-von-36.jpeg\",\"title\":\"Manchinger Tafel - 34 von 36\"}},{\"type\":\"gallery_item\",\"props\":{\"image\":\"wp-content\\\/uploads\\\/2023\\\/04\\\/Manchinger-Tafel-33-von-36.jpeg\",\"title\":\"Manchinger Tafel - 33 von 36\"}},{\"type\":\"gallery_item\",\"props\":{\"image\":\"wp-content\\\/uploads\\\/2023\\\/04\\\/Manchinger-Tafel-31-von-36.jpeg\",\"title\":\"Manchinger Tafel - 31 von 36\"}},{\"type\":\"gallery_item\",\"props\":{\"image\":\"wp-content\\\/uploads\\\/2023\\\/04\\\/Manchinger-Tafel-28-von-36.jpeg\",\"title\":\"Manchinger Tafel - 28 von 36\"}},{\"type\":\"gallery_item\",\"props\":{\"image\":\"wp-content\\\/uploads\\\/2023\\\/04\\\/Manchinger-Tafel-18-von-36.jpeg\",\"title\":\"Manchinger Tafel - 18 von 36\"}},{\"type\":\"gallery_item\",\"props\":{\"image\":\"wp-content\\\/uploads\\\/2023\\\/04\\\/Manchinger-Tafel-17-von-36.jpeg\",\"title\":\"Manchinger Tafel - 17 von 36\"}},{\"type\":\"gallery_item\",\"props\":{\"image\":\"wp-content\\\/uploads\\\/2023\\\/04\\\/Manchinger-Tafel-23-von-36.jpeg\",\"title\":\"Manchinger Tafel - 23 von 36\"}},{\"type\":\"gallery_item\",\"props\":{\"image\":\"wp-content\\\/uploads\\\/2023\\\/04\\\/Manchinger-Tafel-16-von-36.jpeg\",\"title\":\"Manchinger Tafel - 16 von 36\"}},{\"type\":\"gallery_item\",\"props\":{\"image\":\"wp-content\\\/uploads\\\/2023\\\/04\\\/Manchinger-Tafel-19-von-36.jpeg\",\"title\":\"Manchinger Tafel - 19 von 36\"}},{\"type\":\"gallery_item\",\"props\":{\"image\":\"wp-content\\\/uploads\\\/2023\\\/04\\\/Manchinger-Tafel-9-von-36.jpeg\",\"title\":\"Manchinger Tafel - 9 von 36\"}},{\"type\":\"gallery_item\",\"props\":{\"image\":\"wp-content\\\/uploads\\\/2023\\\/04\\\/Manchinger-Tafel-8-von-36.jpeg\",\"title\":\"Manchinger Tafel - 8 von 36\"}}]},{\"type\":\"text\",\"props\":{\"column_breakpoint\":\"m\",\"content\":\"\n\n<p>Besuchen Sie auch unsere ---&gt; <strong><a href=\\\"https:\\\/\\\/manchinger-tafel.de\\\/?page_id=306\\\">NEWS<\\\/a><\\\/strong><\\\/p>\",\"margin\":\"default\"}},{\"type\":\"totop\",\"props\":{\"margin\":\"default\",\"title_grid_column_gap\":\"small\",\"title_grid_row_gap\":\"small\"}}]}]}]}],\"version\":\"4.5.15\"} --><\/p>\n","protected":false},"excerpt":{"rendered":"<p>Impressionen Viele Menschen unterschiedlichen Alters sind ehrenamtlich und hauptamtlich bei der Manchinger Tafel aktiv. Die Gr\u00fcnde, sich zu engagieren, sind dabei genau so vielf\u00e4ltig wie die Tafel-Aktiven selbst. Am 15. 12.2023 durften wir das neue K\u00fchlfahrzeug offiziell in Empfang nehmen. Ohne die gro\u00dfz\u00fcgige Unterst\u00fctzung der Sponsoren w\u00e4re dies nicht m\u00f6glich gewesen.Daf\u00fcr ein ein Herzliches Dankesch\u00f6n! [&hellip;]<\/p>\n","protected":false},"author":1,"featured_media":0,"parent":0,"menu_order":0,"comment_status":"closed","ping_status":"closed","template":"","meta":{"footnotes":""},"class_list":["post-64","page","type-page","status-publish","hentry"],"_links":{"self":[{"href":"https:\/\/manchinger-tafel.de\/index.php?rest_route=\/wp\/v2\/pages\/64","targetHints":{"allow":["GET"]}}],"collection":[{"href":"https:\/\/manchinger-tafel.de\/index.php?rest_route=\/wp\/v2\/pages"}],"about":[{"href":"https:\/\/manchinger-tafel.de\/index.php?rest_route=\/wp\/v2\/types\/page"}],"author":[{"embeddable":true,"href":"https:\/\/manchinger-tafel.de\/index.php?rest_route=\/wp\/v2\/users\/1"}],"replies":[{"embeddable":true,"href":"https:\/\/manchinger-tafel.de\/index.php?rest_route=%2Fwp%2Fv2%2Fcomments&post=64"}],"version-history":[{"count":0,"href":"https:\/\/manchinger-tafel.de\/index.php?rest_route=\/wp\/v2\/pages\/64\/revisions"}],"wp:attachment":[{"href":"https:\/\/manchinger-tafel.de\/index.php?rest_route=%2Fwp%2Fv2%2Fmedia&parent=64"}],"curies":[{"name":"wp","href":"https:\/\/api.w.org\/{rel}","templated":true}]}}